{"id":310,"date":"2025-12-31T16:02:22","date_gmt":"2025-12-31T15:02:22","guid":{"rendered":"https:\/\/salzer-holzwerkstatt.de\/?page_id=310"},"modified":"2026-05-07T21:27:18","modified_gmt":"2026-05-07T19:27:18","slug":"start","status":"publish","type":"page","link":"https:\/\/salzer-holzwerkstatt.de\/?page_id=310","title":{"rendered":"Aktuell-Mai-2026"},"content":{"rendered":"\n<p><\/p>\n\n\n\n<p class=\"has-text-align-center\"><strong>Bitte beachten, ab sofort nur noch<\/strong><\/p>\n\n\n\n<p class=\"has-text-align-center\"><strong>&#8220; elastische <\/strong><strong>&#8222;<\/strong><\/p>\n\n\n\n<p class=\"has-text-align-center\"><strong>\u00d6ffnungszeiten<\/strong><\/p>\n\n\n\n<h4 class=\"wp-block-heading has-text-align-center\">Vermutlich meistens \u00e4hnlich der bisherigen \u00d6ffnungszeiten:<\/h4>\n\n\n\n<h4 class=\"wp-block-heading has-text-align-center\">Montag , Mittwoch , Freitag, von 10 &#8211; 12 und von 14 &#8211; 16:00 Uhr<\/h4>\n\n\n\n<p><\/p>\n\n\n\n<p class=\"has-text-align-center\">Ich empfehle !&nbsp;<\/p>\n\n\n\n<p class=\"has-text-align-center\">Telefonisch oder per Mail anzufragen ob bzw. wann ich in der Werkstatt bin,&nbsp;<\/p>\n\n\n\n<p class=\"has-text-align-center\"><strong>die bisherige Telefonnummer bleibt erhalten ! <\/strong><\/p>\n\n\n\n<p class=\"has-text-align-center\"><strong>07071 44249<br><br><\/strong><\/p>\n\n\n\n<p class=\"has-text-align-center\">Email wird mehrmals t\u00e4glich gelesen !<br>andreassalzer(klammeraffe)gmx(punkt)de<\/p>\n\n\n\n<p class=\"has-text-align-center\">bitte in den Klammern entsprechend ersetzen<\/p>\n\n\n\n<p class=\"has-text-align-center\"><strong>PS. Eine Werkstattschlie\u00dfung ist noch nicht vorgesehen<\/strong><\/p>\n","protected":false},"excerpt":{"rendered":"<p>Bitte beachten, ab sofort nur noch &#8220; elastische &#8222; \u00d6ffnungszeiten Vermutlich meistens \u00e4hnlich der bisherigen \u00d6ffnungszeiten: Montag , Mittwoch , Freitag, von 10 &#8211; 12 und von 14 &#8211; 16:00 Uhr Ich empfehle !&nbsp; Telefonisch oder per Mail anzufragen ob &hellip; <a href=\"https:\/\/salzer-holzwerkstatt.de\/?page_id=310\">Weiterlesen <span class=\"meta-nav\">&rarr;<\/span><\/a><\/p>\n","protected":false},"author":2,"featured_media":0,"parent":0,"menu_order":1,"comment_status":"closed","ping_status":"closed","template":"","meta":{"footnotes":""},"class_list":["post-310","page","type-page","status-publish","hentry"],"_links":{"self":[{"href":"https:\/\/salzer-holzwerkstatt.de\/index.php?rest_route=\/wp\/v2\/pages\/310","targetHints":{"allow":["GET"]}}],"collection":[{"href":"https:\/\/salzer-holzwerkstatt.de\/index.php?rest_route=\/wp\/v2\/pages"}],"about":[{"href":"https:\/\/salzer-holzwerkstatt.de\/index.php?rest_route=\/wp\/v2\/types\/page"}],"author":[{"embeddable":true,"href":"https:\/\/salzer-holzwerkstatt.de\/index.php?rest_route=\/wp\/v2\/users\/2"}],"replies":[{"embeddable":true,"href":"https:\/\/salzer-holzwerkstatt.de\/index.php?rest_route=%2Fwp%2Fv2%2Fcomments&post=310"}],"version-history":[{"count":15,"href":"https:\/\/salzer-holzwerkstatt.de\/index.php?rest_route=\/wp\/v2\/pages\/310\/revisions"}],"predecessor-version":[{"id":342,"href":"https:\/\/salzer-holzwerkstatt.de\/index.php?rest_route=\/wp\/v2\/pages\/310\/revisions\/342"}],"wp:attachment":[{"href":"https:\/\/salzer-holzwerkstatt.de\/index.php?rest_route=%2Fwp%2Fv2%2Fmedia&parent=310"}],"curies":[{"name":"wp","href":"https:\/\/api.w.org\/{rel}","templated":true}]}}